{"id":11892,"date":"2024-06-13T05:35:12","date_gmt":"2024-06-13T05:35:12","guid":{"rendered":"https:\/\/boom-commerce.com\/?page_id=11892"},"modified":"2024-10-24T04:20:49","modified_gmt":"2024-10-24T04:20:49","slug":"blog","status":"publish","type":"page","link":"https:\/\/boom-commerce.com\/de\/blog\/","title":{"rendered":"Blog"},"content":{"rendered":"<div data-elementor-type=\"wp-page\" data-elementor-id=\"11892\" class=\"elementor elementor-11892\" data-elementor-post-type=\"page\">\n\t\t\t\t\t\t<section class=\"elementor-section elementor-top-section elementor-element elementor-element-f1dc3d5 elementor-section-boxed elementor-section-height-default elementor-section-height-default\" data-id=\"f1dc3d5\" data-element_type=\"section\" data-e-type=\"section\">\n\t\t\t\t\t\t<div class=\"elementor-container elementor-column-gap-default\">\n\t\t\t\t\t<div class=\"elementor-column elementor-col-100 elementor-top-column elementor-element elementor-element-8bb5839\" data-id=\"8bb5839\" data-element_type=\"column\" data-e-type=\"column\" data-settings=\"{&quot;background_background&quot;:&quot;classic&quot;}\">\n\t\t\t<div class=\"elementor-widget-wrap elementor-element-populated\">\n\t\t\t\t\t\t<section class=\"elementor-section elementor-inner-section elementor-element elementor-element-1d28df9 elementor-section-boxed elementor-section-height-default elementor-section-height-default\" data-id=\"1d28df9\" data-element_type=\"section\" data-e-type=\"section\">\n\t\t\t\t\t\t<div class=\"elementor-container elementor-column-gap-default\">\n\t\t\t\t\t<div class=\"elementor-column elementor-col-100 elementor-inner-column elementor-element elementor-element-0867aff\" data-id=\"0867aff\" data-element_type=\"column\" data-e-type=\"column\">\n\t\t\t<div class=\"elementor-widget-wrap elementor-element-populated\">\n\t\t\t\t\t\t<div class=\"elementor-element elementor-element-5419770 elementor-widget elementor-widget-heading\" data-id=\"5419770\" data-element_type=\"widget\" data-e-type=\"widget\" data-widget_type=\"heading.default\">\n\t\t\t\t<div class=\"elementor-widget-container\">\n\t\t\t\t\t<h1 class=\"elementor-heading-title elementor-size-default\">Amazon Deep Dive: <br>Experten-Tipps, strategische Insights und die neuesten Marketplace Updates f\u00fcr Verk\u00e4ufer<\/h1>\t\t\t\t<\/div>\n\t\t\t\t<\/div>\n\t\t\t\t<div class=\"elementor-element elementor-element-8291d09 elementor-widget elementor-widget-text-editor\" data-id=\"8291d09\" data-element_type=\"widget\" data-e-type=\"widget\" data-widget_type=\"text-editor.default\">\n\t\t\t\t<div class=\"elementor-widget-container\">\n\t\t\t\t\t\t\t\t\tEgal, ob du deine Verkaufszahlen steigern, deine Angebote optimieren oder dich in den st\u00e4ndig wandelnden Richtlinien von Amazon zurechtfinden m\u00f6chtest \u2013 in unserem Blog findest du alles, was du wissen musst. Tauche ein und entdecke, wie du langfristigen Erfolg erzielen und dein Potenzial auf Amazon maximieren kannst.\t\t\t\t\t\t\t\t<\/div>\n\t\t\t\t<\/div>\n\t\t\t\t\t<\/div>\n\t\t<\/div>\n\t\t\t\t\t<\/div>\n\t\t<\/section>\n\t\t\t\t\t<\/div>\n\t\t<\/div>\n\t\t\t\t\t<\/div>\n\t\t<\/section>\n\t\t\t\t<section class=\"elementor-section elementor-top-section elementor-element elementor-element-d8ff693 elementor-section-boxed elementor-section-height-default elementor-section-height-default\" data-id=\"d8ff693\" data-element_type=\"section\" data-e-type=\"section\">\n\t\t\t\t\t\t<div class=\"elementor-container elementor-column-gap-default\">\n\t\t\t\t\t<div class=\"elementor-column elementor-col-100 elementor-top-column elementor-element elementor-element-086f660\" data-id=\"086f660\" data-element_type=\"column\" data-e-type=\"column\" data-settings=\"{&quot;background_background&quot;:&quot;classic&quot;}\">\n\t\t\t<div class=\"elementor-widget-wrap elementor-element-populated\">\n\t\t\t\t\t\t<section class=\"elementor-section elementor-inner-section elementor-element elementor-element-fcea904 elementor-section-boxed elementor-section-height-default elementor-section-height-default\" data-id=\"fcea904\" data-element_type=\"section\" data-e-type=\"section\">\n\t\t\t\t\t\t<div class=\"elementor-container elementor-column-gap-default\">\n\t\t\t\t\t<div class=\"elementor-column elementor-col-100 elementor-inner-column elementor-element elementor-element-cf9494d\" data-id=\"cf9494d\" data-element_type=\"column\" data-e-type=\"column\">\n\t\t\t<div class=\"elementor-widget-wrap elementor-element-populated\">\n\t\t\t\t\t\t<div class=\"elementor-element elementor-element-97f4988 elementor-grid-2 elementor-posts--align-left elementor-posts__hover-none elementor-grid-tablet-2 elementor-grid-mobile-1 elementor-posts--thumbnail-top elementor-widget elementor-widget-posts\" data-id=\"97f4988\" data-element_type=\"widget\" data-e-type=\"widget\" data-settings=\"{&quot;cards_columns&quot;:&quot;2&quot;,&quot;cards_row_gap&quot;:{&quot;unit&quot;:&quot;px&quot;,&quot;size&quot;:0,&quot;sizes&quot;:[]},&quot;pagination_type&quot;:&quot;load_more_infinite_scroll&quot;,&quot;cards_columns_tablet&quot;:&quot;2&quot;,&quot;cards_columns_mobile&quot;:&quot;1&quot;,&quot;cards_row_gap_tablet&quot;:{&quot;unit&quot;:&quot;px&quot;,&quot;size&quot;:&quot;&quot;,&quot;sizes&quot;:[]},&quot;cards_row_gap_mobile&quot;:{&quot;unit&quot;:&quot;px&quot;,&quot;size&quot;:&quot;&quot;,&quot;sizes&quot;:[]},&quot;load_more_spinner&quot;:{&quot;value&quot;:&quot;fas fa-spinner&quot;,&quot;library&quot;:&quot;fa-solid&quot;}}\" data-widget_type=\"posts.cards\">\n\t\t\t\t<div class=\"elementor-widget-container\">\n\t\t\t\t\t\t\t<div class=\"elementor-posts-container elementor-posts elementor-posts--skin-cards elementor-grid\" role=\"list\">\n\t\t\t\t<article class=\"elementor-post elementor-grid-item post-14401 post type-post status-publish format-standard has-post-thumbnail hentry category-blog-post\" role=\"listitem\">\n\t\t\t<div class=\"elementor-post__card\">\n\t\t\t\t<a class=\"elementor-post__thumbnail__link\" href=\"https:\/\/boom-commerce.com\/de\/amazon-brand-registry-benefits\/\" tabindex=\"-1\" ><div class=\"elementor-post__thumbnail\"><img fetchpriority=\"high\" decoding=\"async\" width=\"1200\" height=\"627\" src=\"https:\/\/boom-commerce.com\/wp-content\/uploads\/2024\/10\/Blog-Illustration-Brand-Registry.webp\" class=\"attachment-full size-full wp-image-14756\" alt=\"Amazon Brand Registry\" srcset=\"https:\/\/boom-commerce.com\/wp-content\/uploads\/2024\/10\/Blog-Illustration-Brand-Registry.webp 1200w, https:\/\/boom-commerce.com\/wp-content\/uploads\/2024\/10\/Blog-Illustration-Brand-Registry-300x157.webp 300w, https:\/\/boom-commerce.com\/wp-content\/uploads\/2024\/10\/Blog-Illustration-Brand-Registry-1024x535.webp 1024w, https:\/\/boom-commerce.com\/wp-content\/uploads\/2024\/10\/Blog-Illustration-Brand-Registry-768x401.webp 768w, https:\/\/boom-commerce.com\/wp-content\/uploads\/2024\/10\/Blog-Illustration-Brand-Registry-18x9.webp 18w\" sizes=\"(max-width: 1200px) 100vw, 1200px\" \/><\/div><\/a>\n\t\t\t\t<div class=\"elementor-post__text\">\n\t\t\t\t<h1 class=\"elementor-post__title\">\n\t\t\t<a href=\"https:\/\/boom-commerce.com\/de\/amazon-brand-registry-benefits\/\" >\n\t\t\t\tEntfessle die Power von Amazon Brand Registry: Warum es f\u00fcr dein Business unverzichtbar ist\t\t\t<\/a>\n\t\t<\/h1>\n\t\t\t\t<div class=\"elementor-post__excerpt\">\n\t\t\t<p>Der Verkauf auf Amazon ohne Nutzung der Markenregistrierung ist wie das Fahren eines dreir\u00e4drigen Autos in einem Rennen \u2013 Sie werden nicht gewinnen. Wenn Sie es<\/p>\n\t\t<\/div>\n\t\t\t\t\t<div class=\"elementor-post__read-more-wrapper\">\n\t\t\n\t\t<a class=\"elementor-post__read-more\" href=\"https:\/\/boom-commerce.com\/de\/amazon-brand-registry-benefits\/\" aria-label=\"Mehr \u00fcber Unlocking the Power of Amazon Brand Registry: Why It\u2019s Essential for Your Business\" tabindex=\"-1\" >\n\t\t\tRead More \u00bb\t\t<\/a>\n\n\t\t\t\t\t<\/div>\n\t\t\t\t<\/div>\n\t\t\t\t\t<\/div>\n\t\t<\/article>\n\t\t\t\t<article class=\"elementor-post elementor-grid-item post-14397 post type-post status-publish format-standard has-post-thumbnail hentry category-blog-post\" role=\"listitem\">\n\t\t\t<div class=\"elementor-post__card\">\n\t\t\t\t<a class=\"elementor-post__thumbnail__link\" href=\"https:\/\/boom-commerce.com\/de\/legal-requirements-for-amazon-expansion\/\" tabindex=\"-1\" ><div class=\"elementor-post__thumbnail\"><img decoding=\"async\" width=\"1200\" height=\"627\" src=\"https:\/\/boom-commerce.com\/wp-content\/uploads\/2024\/10\/Blog-Illustration-KW-42-Legal-Requirements.webp\" class=\"attachment-full size-full wp-image-14692\" alt=\"Legal Requirements for Amazon Expansion\" srcset=\"https:\/\/boom-commerce.com\/wp-content\/uploads\/2024\/10\/Blog-Illustration-KW-42-Legal-Requirements.webp 1200w, https:\/\/boom-commerce.com\/wp-content\/uploads\/2024\/10\/Blog-Illustration-KW-42-Legal-Requirements-300x157.webp 300w, https:\/\/boom-commerce.com\/wp-content\/uploads\/2024\/10\/Blog-Illustration-KW-42-Legal-Requirements-1024x535.webp 1024w, https:\/\/boom-commerce.com\/wp-content\/uploads\/2024\/10\/Blog-Illustration-KW-42-Legal-Requirements-768x401.webp 768w, https:\/\/boom-commerce.com\/wp-content\/uploads\/2024\/10\/Blog-Illustration-KW-42-Legal-Requirements-18x9.webp 18w\" sizes=\"(max-width: 1200px) 100vw, 1200px\" \/><\/div><\/a>\n\t\t\t\t<div class=\"elementor-post__text\">\n\t\t\t\t<h1 class=\"elementor-post__title\">\n\t\t\t<a href=\"https:\/\/boom-commerce.com\/de\/legal-requirements-for-amazon-expansion\/\" >\n\t\t\t\tRechtskonform expandieren: 4 essenzielle Schritte f\u00fcr den globalen Erfolg mit Amazon\t\t\t<\/a>\n\t\t<\/h1>\n\t\t\t\t<div class=\"elementor-post__excerpt\">\n\t\t\t<p>Rechtliche Anforderungen f\u00fcr die Expansion auf Amazon; die internationale Expansion Ihres Amazon-Gesch\u00e4fts kann eine unglaubliche Wachstumschance sein. Aber so<\/p>\n\t\t<\/div>\n\t\t\t\t\t<div class=\"elementor-post__read-more-wrapper\">\n\t\t\n\t\t<a class=\"elementor-post__read-more\" href=\"https:\/\/boom-commerce.com\/de\/legal-requirements-for-amazon-expansion\/\" aria-label=\"Mehr \u00fcber Expanding Your Amazon Business Internationally? 4 Legal Requirements You Can\u2019t Afford to Ignore\" tabindex=\"-1\" >\n\t\t\tRead More \u00bb\t\t<\/a>\n\n\t\t\t\t\t<\/div>\n\t\t\t\t<\/div>\n\t\t\t\t\t<\/div>\n\t\t<\/article>\n\t\t\t\t<article class=\"elementor-post elementor-grid-item post-14399 post type-post status-publish format-standard has-post-thumbnail hentry category-blog-post\" role=\"listitem\">\n\t\t\t<div class=\"elementor-post__card\">\n\t\t\t\t<a class=\"elementor-post__thumbnail__link\" href=\"https:\/\/boom-commerce.com\/de\/master-amazon-advertising\/\" tabindex=\"-1\" ><div class=\"elementor-post__thumbnail\"><img decoding=\"async\" width=\"1200\" height=\"627\" src=\"https:\/\/boom-commerce.com\/wp-content\/uploads\/2024\/10\/Blog-Illustration-KW-41-amazon-ad.webp\" class=\"attachment-full size-full wp-image-14647\" alt=\"Amazon Advertising\" srcset=\"https:\/\/boom-commerce.com\/wp-content\/uploads\/2024\/10\/Blog-Illustration-KW-41-amazon-ad.webp 1200w, https:\/\/boom-commerce.com\/wp-content\/uploads\/2024\/10\/Blog-Illustration-KW-41-amazon-ad-300x157.webp 300w, https:\/\/boom-commerce.com\/wp-content\/uploads\/2024\/10\/Blog-Illustration-KW-41-amazon-ad-1024x535.webp 1024w, https:\/\/boom-commerce.com\/wp-content\/uploads\/2024\/10\/Blog-Illustration-KW-41-amazon-ad-768x401.webp 768w, https:\/\/boom-commerce.com\/wp-content\/uploads\/2024\/10\/Blog-Illustration-KW-41-amazon-ad-18x9.webp 18w\" sizes=\"(max-width: 1200px) 100vw, 1200px\" \/><\/div><\/a>\n\t\t\t\t<div class=\"elementor-post__text\">\n\t\t\t\t<h1 class=\"elementor-post__title\">\n\t\t\t<a href=\"https:\/\/boom-commerce.com\/de\/master-amazon-advertising\/\" >\n\t\t\t\tAmazon-Werbung: 7 Schritte zu erfolgreichen Kampagnen\t\t\t<\/a>\n\t\t<\/h1>\n\t\t\t\t<div class=\"elementor-post__excerpt\">\n\t\t\t<p>Amazon Advertising ist eines der leistungsst\u00e4rksten Tools, um die Sichtbarkeit von Produkten zu erh\u00f6hen und den Umsatz zu steigern. Ganz gleich, ob Sie neu auf der<\/p>\n\t\t<\/div>\n\t\t\t\t\t<div class=\"elementor-post__read-more-wrapper\">\n\t\t\n\t\t<a class=\"elementor-post__read-more\" href=\"https:\/\/boom-commerce.com\/de\/master-amazon-advertising\/\" aria-label=\"Mehr \u00fcber Amazon Advertising: 7 Steps to Create High-Converting Ad Campaigns\" tabindex=\"-1\" >\n\t\t\tRead More \u00bb\t\t<\/a>\n\n\t\t\t\t\t<\/div>\n\t\t\t\t<\/div>\n\t\t\t\t\t<\/div>\n\t\t<\/article>\n\t\t\t\t<article class=\"elementor-post elementor-grid-item post-14395 post type-post status-publish format-standard has-post-thumbnail hentry category-blog-post\" role=\"listitem\">\n\t\t\t<div class=\"elementor-post__card\">\n\t\t\t\t<a class=\"elementor-post__thumbnail__link\" href=\"https:\/\/boom-commerce.com\/de\/amazon-fba-uae\/\" tabindex=\"-1\" ><div class=\"elementor-post__thumbnail\"><img loading=\"lazy\" decoding=\"async\" width=\"1200\" height=\"627\" src=\"https:\/\/boom-commerce.com\/wp-content\/uploads\/2024\/09\/Blog-Illustration-KW-40-amazon-fba-uae.webp\" class=\"attachment-full size-full wp-image-14601\" alt=\"Amazon FBA UAE\" srcset=\"https:\/\/boom-commerce.com\/wp-content\/uploads\/2024\/09\/Blog-Illustration-KW-40-amazon-fba-uae.webp 1200w, https:\/\/boom-commerce.com\/wp-content\/uploads\/2024\/09\/Blog-Illustration-KW-40-amazon-fba-uae-300x157.webp 300w, https:\/\/boom-commerce.com\/wp-content\/uploads\/2024\/09\/Blog-Illustration-KW-40-amazon-fba-uae-1024x535.webp 1024w, https:\/\/boom-commerce.com\/wp-content\/uploads\/2024\/09\/Blog-Illustration-KW-40-amazon-fba-uae-768x401.webp 768w, https:\/\/boom-commerce.com\/wp-content\/uploads\/2024\/09\/Blog-Illustration-KW-40-amazon-fba-uae-18x9.webp 18w\" sizes=\"(max-width: 1200px) 100vw, 1200px\" \/><\/div><\/a>\n\t\t\t\t<div class=\"elementor-post__text\">\n\t\t\t\t<h1 class=\"elementor-post__title\">\n\t\t\t<a href=\"https:\/\/boom-commerce.com\/de\/amazon-fba-uae\/\" >\n\t\t\t\tAmazon FBA in den VAE: So startest du erfolgreich\t\t\t<\/a>\n\t\t<\/h1>\n\t\t\t\t<div class=\"elementor-post__excerpt\">\n\t\t\t<p>Amazon FBA VAE; in diesem Blogbeitrag werde ich Ihnen die Grundlagen f\u00fcr den Einstieg in Amazon FBA auf Amazon.ae erl\u00e4utern. Ich werde die praktischen Schritte aufschl\u00fcsseln, um Ihnen zu helfen.<\/p>\n\t\t<\/div>\n\t\t\t\t\t<div class=\"elementor-post__read-more-wrapper\">\n\t\t\n\t\t<a class=\"elementor-post__read-more\" href=\"https:\/\/boom-commerce.com\/de\/amazon-fba-uae\/\" aria-label=\"Mehr \u00fcber Amazon FBA in the UAE: How to Get Started and Succeed\" tabindex=\"-1\" >\n\t\t\tRead More \u00bb\t\t<\/a>\n\n\t\t\t\t\t<\/div>\n\t\t\t\t<\/div>\n\t\t\t\t\t<\/div>\n\t\t<\/article>\n\t\t\t\t<article class=\"elementor-post elementor-grid-item post-14127 post type-post status-publish format-standard has-post-thumbnail hentry category-blog-post\" role=\"listitem\">\n\t\t\t<div class=\"elementor-post__card\">\n\t\t\t\t<a class=\"elementor-post__thumbnail__link\" href=\"https:\/\/boom-commerce.com\/de\/amazon-vendor-clean-up-save-listings\/\" tabindex=\"-1\" ><div class=\"elementor-post__thumbnail\"><img loading=\"lazy\" decoding=\"async\" width=\"1200\" height=\"627\" src=\"https:\/\/boom-commerce.com\/wp-content\/uploads\/2024\/09\/Blog-Illustration-KW-39-vendor-clean-up.webp\" class=\"attachment-full size-full wp-image-14137\" alt=\"Amazon Vendor Clean-Up\" srcset=\"https:\/\/boom-commerce.com\/wp-content\/uploads\/2024\/09\/Blog-Illustration-KW-39-vendor-clean-up.webp 1200w, https:\/\/boom-commerce.com\/wp-content\/uploads\/2024\/09\/Blog-Illustration-KW-39-vendor-clean-up-300x157.webp 300w, https:\/\/boom-commerce.com\/wp-content\/uploads\/2024\/09\/Blog-Illustration-KW-39-vendor-clean-up-1024x535.webp 1024w, https:\/\/boom-commerce.com\/wp-content\/uploads\/2024\/09\/Blog-Illustration-KW-39-vendor-clean-up-768x401.webp 768w, https:\/\/boom-commerce.com\/wp-content\/uploads\/2024\/09\/Blog-Illustration-KW-39-vendor-clean-up-18x9.webp 18w\" sizes=\"(max-width: 1200px) 100vw, 1200px\" \/><\/div><\/a>\n\t\t\t\t<div class=\"elementor-post__text\">\n\t\t\t\t<h1 class=\"elementor-post__title\">\n\t\t\t<a href=\"https:\/\/boom-commerce.com\/de\/amazon-vendor-clean-up-save-listings\/\" >\n\t\t\t\tAmazon Vendor Clean-Up: 3 Schritte zur Rettung deiner Listings\t\t\t<\/a>\n\t\t<\/h1>\n\t\t\t\t<div class=\"elementor-post__excerpt\">\n\t\t\t<p>Amazon Vendor Clean-Up; Amazon hat k\u00fcrzlich eine massive Umstellung vorgenommen und zahlreiche Lieferantenvertr\u00e4ge gel\u00f6scht, die am 09. November 2024 auslaufen. Wenn<\/p>\n\t\t<\/div>\n\t\t\t\t\t<div class=\"elementor-post__read-more-wrapper\">\n\t\t\n\t\t<a class=\"elementor-post__read-more\" href=\"https:\/\/boom-commerce.com\/de\/amazon-vendor-clean-up-save-listings\/\" aria-label=\"Mehr \u00fcber Amazon Vendor Clean-Up: 3 Steps to Save Your Listings\" tabindex=\"-1\" >\n\t\t\tRead More \u00bb\t\t<\/a>\n\n\t\t\t\t\t<\/div>\n\t\t\t\t<\/div>\n\t\t\t\t\t<\/div>\n\t\t<\/article>\n\t\t\t\t<article class=\"elementor-post elementor-grid-item post-14084 post type-post status-publish format-standard has-post-thumbnail hentry category-blog-post\" role=\"listitem\">\n\t\t\t<div class=\"elementor-post__card\">\n\t\t\t\t<a class=\"elementor-post__thumbnail__link\" href=\"https:\/\/boom-commerce.com\/de\/amazon-listing-localization\/\" tabindex=\"-1\" ><div class=\"elementor-post__thumbnail\"><img loading=\"lazy\" decoding=\"async\" width=\"1200\" height=\"627\" src=\"https:\/\/boom-commerce.com\/wp-content\/uploads\/2024\/09\/Blog-Illustration-KW-38-localization.jpg\" class=\"attachment-full size-full wp-image-14086\" alt=\"Amazon Listing Localization\" srcset=\"https:\/\/boom-commerce.com\/wp-content\/uploads\/2024\/09\/Blog-Illustration-KW-38-localization.jpg 1200w, https:\/\/boom-commerce.com\/wp-content\/uploads\/2024\/09\/Blog-Illustration-KW-38-localization-300x157.jpg 300w, https:\/\/boom-commerce.com\/wp-content\/uploads\/2024\/09\/Blog-Illustration-KW-38-localization-1024x535.jpg 1024w, https:\/\/boom-commerce.com\/wp-content\/uploads\/2024\/09\/Blog-Illustration-KW-38-localization-768x401.jpg 768w, https:\/\/boom-commerce.com\/wp-content\/uploads\/2024\/09\/Blog-Illustration-KW-38-localization-18x9.jpg 18w\" sizes=\"(max-width: 1200px) 100vw, 1200px\" \/><\/div><\/a>\n\t\t\t\t<div class=\"elementor-post__text\">\n\t\t\t\t<h1 class=\"elementor-post__title\">\n\t\t\t<a href=\"https:\/\/boom-commerce.com\/de\/amazon-listing-localization\/\" >\n\t\t\t\tLokalisierung: Der Schl\u00fcssel zum internationalen E-Commerce-Erfolg\t\t\t<\/a>\n\t\t<\/h1>\n\t\t\t\t<div class=\"elementor-post__excerpt\">\n\t\t\t<p>Lokalisierung von Amazon-Angeboten; die globale Expansion Ihres Unternehmens ist spannend, und ja, Sie k\u00f6nnen den einfachen Weg gehen, indem Sie Ihre Produkte einfach auf<\/p>\n\t\t<\/div>\n\t\t\t\t\t<div class=\"elementor-post__read-more-wrapper\">\n\t\t\n\t\t<a class=\"elementor-post__read-more\" href=\"https:\/\/boom-commerce.com\/de\/amazon-listing-localization\/\" aria-label=\"Mehr \u00fcber Localization: Crack the Code to International E-commerce Success\" tabindex=\"-1\" >\n\t\t\tRead More \u00bb\t\t<\/a>\n\n\t\t\t\t\t<\/div>\n\t\t\t\t<\/div>\n\t\t\t\t\t<\/div>\n\t\t<\/article>\n\t\t\t\t<\/div>\n\t\t\t\t\t<span class=\"e-load-more-spinner\">\n\t\t\t\t<i aria-hidden=\"true\" class=\"fas fa-spinner\"><\/i>\t\t\t<\/span>\n\t\t\n\t\t\t\t<div class=\"e-load-more-anchor\" data-page=\"1\" data-max-page=\"4\" data-next-page=\"https:\/\/boom-commerce.com\/de\/wp-json\/wp\/v2\/pages\/11892\/page\/2\/\"><\/div>\n\t\t\t\t<div class=\"e-load-more-message\"><\/div>\n\t\t\t\t\t\t<\/div>\n\t\t\t\t<\/div>\n\t\t\t\t\t<\/div>\n\t\t<\/div>\n\t\t\t\t\t<\/div>\n\t\t<\/section>\n\t\t\t\t\t<\/div>\n\t\t<\/div>\n\t\t\t\t\t<\/div>\n\t\t<\/section>\n\t\t\t\t<section class=\"elementor-section elementor-top-section elementor-element elementor-element-278fae3 elementor-section-boxed elementor-section-height-default elementor-section-height-default\" data-id=\"278fae3\" data-element_type=\"section\" data-e-type=\"section\">\n\t\t\t\t\t\t<div class=\"elementor-container elementor-column-gap-default\">\n\t\t\t\t\t<div class=\"elementor-column elementor-col-100 elementor-top-column elementor-element elementor-element-c5fd97e\" data-id=\"c5fd97e\" data-element_type=\"column\" data-e-type=\"column\" data-settings=\"{&quot;background_background&quot;:&quot;classic&quot;}\">\n\t\t\t<div class=\"elementor-widget-wrap elementor-element-populated\">\n\t\t\t\t\t\t<section class=\"elementor-section elementor-inner-section elementor-element elementor-element-87168f7 elementor-section-boxed elementor-section-height-default elementor-section-height-default\" data-id=\"87168f7\" data-element_type=\"section\" data-e-type=\"section\">\n\t\t\t\t\t\t<div class=\"elementor-container elementor-column-gap-default\">\n\t\t\t\t\t<div class=\"elementor-column elementor-col-100 elementor-inner-column elementor-element elementor-element-8f9f14e\" data-id=\"8f9f14e\" data-element_type=\"column\" data-e-type=\"column\">\n\t\t\t<div class=\"elementor-widget-wrap elementor-element-populated\">\n\t\t\t\t\t\t<div class=\"elementor-element elementor-element-10b79c3 elementor-widget elementor-widget-heading\" data-id=\"10b79c3\" data-element_type=\"widget\" data-e-type=\"widget\" data-widget_type=\"heading.default\">\n\t\t\t\t<div class=\"elementor-widget-container\">\n\t\t\t\t\t<h2 class=\"elementor-heading-title elementor-size-default\">M\u00f6chtest du deine Amazon-Pr\u00e4senz in den VAE und der EU st\u00e4rken?<\/h2>\t\t\t\t<\/div>\n\t\t\t\t<\/div>\n\t\t\t\t<div class=\"elementor-element elementor-element-6ec1060 elementor-widget elementor-widget-heading\" data-id=\"6ec1060\" data-element_type=\"widget\" data-e-type=\"widget\" data-widget_type=\"heading.default\">\n\t\t\t\t<div class=\"elementor-widget-container\">\n\t\t\t\t\t<h3 class=\"elementor-heading-title elementor-size-default\">Kontaktiere uns f\u00fcr eine kostenlose Erstberatung und wir helfen dir gerne!<\/h3>\t\t\t\t<\/div>\n\t\t\t\t<\/div>\n\t\t\t\t<div class=\"elementor-element elementor-element-8781539 elementor-align-center elementor-widget elementor-widget-button\" data-id=\"8781539\" data-element_type=\"widget\" data-e-type=\"widget\" data-widget_type=\"button.default\">\n\t\t\t\t<div class=\"elementor-widget-container\">\n\t\t\t\t\t\t\t\t\t<div class=\"elementor-button-wrapper\">\n\t\t\t\t\t<a class=\"elementor-button elementor-button-link elementor-size-sm elementor-animation-float\" href=\"https:\/\/boom-commerce.com\/de\/?ff_landing=4\" target=\"_blank\">\n\t\t\t\t\t\t<span class=\"elementor-button-content-wrapper\">\n\t\t\t\t\t\t\t\t\t<span class=\"elementor-button-text\">Buche dein Beratungsgespr\u00e4ch<\/span>\n\t\t\t\t\t<\/span>\n\t\t\t\t\t<\/a>\n\t\t\t\t<\/div>\n\t\t\t\t\t\t\t\t<\/div>\n\t\t\t\t<\/div>\n\t\t\t\t\t<\/div>\n\t\t<\/div>\n\t\t\t\t\t<\/div>\n\t\t<\/section>\n\t\t\t\t\t<\/div>\n\t\t<\/div>\n\t\t\t\t\t<\/div>\n\t\t<\/section>\n\t\t\t\t<\/div>","protected":false},"excerpt":{"rendered":"<p>Amazon Deep Dive: Expert Tips, Strategic Insights and the Latest Marketplace Updates for Sellers Whether you&#8217;re looking to boost your sales, optimize your listings, or navigate Amazon&#8217;s ever-changing policies, our blog has you covered. Dive in to discover how you can achieve long-term success and maximize your potential on Amazon. Considering enhancing your Amazon presence [&hellip;]<\/p>\n","protected":false},"author":2,"featured_media":0,"parent":0,"menu_order":0,"comment_status":"closed","ping_status":"closed","template":"elementor_header_footer","meta":{"footnotes":""},"class_list":["post-11892","page","type-page","status-publish","hentry"],"_links":{"self":[{"href":"https:\/\/boom-commerce.com\/de\/wp-json\/wp\/v2\/pages\/11892","targetHints":{"allow":["GET"]}}],"collection":[{"href":"https:\/\/boom-commerce.com\/de\/wp-json\/wp\/v2\/pages"}],"about":[{"href":"https:\/\/boom-commerce.com\/de\/wp-json\/wp\/v2\/types\/page"}],"author":[{"embeddable":true,"href":"https:\/\/boom-commerce.com\/de\/wp-json\/wp\/v2\/users\/2"}],"replies":[{"embeddable":true,"href":"https:\/\/boom-commerce.com\/de\/wp-json\/wp\/v2\/comments?post=11892"}],"version-history":[{"count":372,"href":"https:\/\/boom-commerce.com\/de\/wp-json\/wp\/v2\/pages\/11892\/revisions"}],"predecessor-version":[{"id":14784,"href":"https:\/\/boom-commerce.com\/de\/wp-json\/wp\/v2\/pages\/11892\/revisions\/14784"}],"wp:attachment":[{"href":"https:\/\/boom-commerce.com\/de\/wp-json\/wp\/v2\/media?parent=11892"}],"curies":[{"name":"wp","href":"https:\/\/api.w.org\/{rel}","templated":true}]}}