{"id":11564,"date":"2024-05-28T13:13:09","date_gmt":"2024-05-28T13:13:09","guid":{"rendered":"https:\/\/boom-commerce.com\/?page_id=11564"},"modified":"2024-08-20T03:55:21","modified_gmt":"2024-08-20T03:55:21","slug":"privacy-policy","status":"publish","type":"page","link":"https:\/\/boom-commerce.com\/de\/privacy-policy\/","title":{"rendered":"Datenschutz"},"content":{"rendered":"<div data-elementor-type=\"wp-page\" data-elementor-id=\"11564\" class=\"elementor elementor-11564\" data-elementor-post-type=\"page\">\n\t\t\t\t\t\t<section class=\"elementor-section elementor-top-section elementor-element elementor-element-617e8f0 elementor-section-boxed elementor-section-height-default elementor-section-height-default\" data-id=\"617e8f0\" data-element_type=\"section\" data-e-type=\"section\">\n\t\t\t\t\t\t<div class=\"elementor-container elementor-column-gap-default\">\n\t\t\t\t\t<div class=\"elementor-column elementor-col-100 elementor-top-column elementor-element elementor-element-965f16b\" data-id=\"965f16b\" data-element_type=\"column\" data-e-type=\"column\" data-settings=\"{&quot;background_background&quot;:&quot;classic&quot;}\">\n\t\t\t<div class=\"elementor-widget-wrap elementor-element-populated\">\n\t\t\t\t\t\t<section class=\"elementor-section elementor-inner-section elementor-element elementor-element-97ca1eb elementor-section-boxed elementor-section-height-default elementor-section-height-default\" data-id=\"97ca1eb\" data-element_type=\"section\" data-e-type=\"section\">\n\t\t\t\t\t\t<div class=\"elementor-container elementor-column-gap-default\">\n\t\t\t\t\t<div class=\"elementor-column elementor-col-100 elementor-inner-column elementor-element elementor-element-5132750\" data-id=\"5132750\" data-element_type=\"column\" data-e-type=\"column\">\n\t\t\t<div class=\"elementor-widget-wrap elementor-element-populated\">\n\t\t\t\t\t\t<div class=\"elementor-element elementor-element-093dd4e elementor-widget elementor-widget-heading\" data-id=\"093dd4e\" data-element_type=\"widget\" data-e-type=\"widget\" data-widget_type=\"heading.default\">\n\t\t\t\t<div class=\"elementor-widget-container\">\n\t\t\t\t\t<h1 class=\"elementor-heading-title elementor-size-default\">Datenschutz<\/h1>\t\t\t\t<\/div>\n\t\t\t\t<\/div>\n\t\t\t\t<div class=\"elementor-element elementor-element-43446be elementor-widget-divider--view-line elementor-widget elementor-widget-divider\" data-id=\"43446be\" data-element_type=\"widget\" data-e-type=\"widget\" data-widget_type=\"divider.default\">\n\t\t\t\t<div class=\"elementor-widget-container\">\n\t\t\t\t\t\t\t<div class=\"elementor-divider\">\n\t\t\t<span class=\"elementor-divider-separator\">\n\t\t\t\t\t\t<\/span>\n\t\t<\/div>\n\t\t\t\t\t\t<\/div>\n\t\t\t\t<\/div>\n\t\t\t\t<div class=\"elementor-element elementor-element-611e847 elementor-widget elementor-widget-text-editor\" data-id=\"611e847\" data-element_type=\"widget\" data-e-type=\"widget\" data-widget_type=\"text-editor.default\">\n\t\t\t\t<div class=\"elementor-widget-container\">\n\t\t\t\t\t\t\t\t\tDiese Datenschutzrichtlinie regelt die Art und Weise, wie LIEVD eCommerce Middle East FZCO von Benutzern (jeweils ein \u201eBenutzer\u201c) der Website https:\/\/boom-commerce.com (\u201eWebsite\u201c) gesammelte Informationen sammelt, verwendet, pflegt und offenlegt. Diese Datenschutzrichtlinie gilt f\u00fcr die Website und alle von LIEVD eCommerce Middle East FZCO angebotenen Produkte und Dienstleistungen. \t\t\t\t\t\t\t\t<\/div>\n\t\t\t\t<\/div>\n\t\t\t\t<div class=\"elementor-element elementor-element-54f8a1c elementor-widget elementor-widget-text-editor\" data-id=\"54f8a1c\" data-element_type=\"widget\" data-e-type=\"widget\" data-widget_type=\"text-editor.default\">\n\t\t\t\t<div class=\"elementor-widget-container\">\n\t\t\t\t\t\t\t\t\t<p><strong>Pers\u00f6nliche Identifikationsinformationen<\/strong><br \/>Wir k\u00f6nnen personenbezogene Identifikationsdaten von Benutzern auf verschiedene Weise erfassen, unter anderem, wenn Benutzer unsere Website besuchen, den Newsletter abonnieren und im Zusammenhang mit anderen Aktivit\u00e4ten, Diensten, Funktionen oder Ressourcen, die wir auf unserer Website zur Verf\u00fcgung stellen. Benutzer werden m\u00f6glicherweise gebeten, bestimmte Informationen anzugeben, anhand derer Sie bei der Nutzung unserer Website identifiziert werden k\u00f6nnen, einschlie\u00dflich E-Mail-Adresse. Wir erfassen pers\u00f6nliche Identifikationsdaten von Benutzern nur dann, wenn sie uns diese Informationen freiwillig \u00fcbermitteln. Benutzer k\u00f6nnen die Angabe pers\u00f6nlicher Identifikationsdaten jederzeit verweigern, mit der Ausnahme, dass sie dadurch m\u00f6glicherweise nicht an bestimmten Aktivit\u00e4ten im Zusammenhang mit der Website teilnehmen k\u00f6nnen.<\/p>\t\t\t\t\t\t\t\t<\/div>\n\t\t\t\t<\/div>\n\t\t\t\t<div class=\"elementor-element elementor-element-2d77882 elementor-widget elementor-widget-text-editor\" data-id=\"2d77882\" data-element_type=\"widget\" data-e-type=\"widget\" data-widget_type=\"text-editor.default\">\n\t\t\t\t<div class=\"elementor-widget-container\">\n\t\t\t\t\t\t\t\t\t<p><strong>NICHT PERS\u00d6NLICHE IDENTIFIZIERUNGSINFORMATIONEN<\/strong><br \/>Wir k\u00f6nnen nicht-personenbezogene Identifikationsdaten \u00fcber Benutzer sammeln, wann immer diese mit unserer Website interagieren. Zu den nicht personenbezogenen Identifikationsdaten k\u00f6nnen der Name des Browsers, der Computertyp und technische Informationen \u00fcber die Verbindungsweise des Benutzers zu unserer Website geh\u00f6ren, beispielsweise das Betriebssystem und die verwendeten Internetdienstanbieter sowie andere \u00e4hnliche Informationen.<\/p>\t\t\t\t\t\t\t\t<\/div>\n\t\t\t\t<\/div>\n\t\t\t\t<div class=\"elementor-element elementor-element-0847b67 elementor-widget elementor-widget-text-editor\" data-id=\"0847b67\" data-element_type=\"widget\" data-e-type=\"widget\" data-widget_type=\"text-editor.default\">\n\t\t\t\t<div class=\"elementor-widget-container\">\n\t\t\t\t\t\t\t\t\t<p><strong>Webbrowser-Cookies<\/strong><br \/>Unsere Website verwendet m\u00f6glicherweise \u201eCookies\u201c, um Sie von anderen Benutzern unserer Website zu unterscheiden. Dies hilft uns, Ihnen ein gutes Erlebnis beim Surfen auf unserer Website zu bieten und erm\u00f6glicht uns auch, unsere Website zu verbessern. Der Webbrowser des Benutzers platziert Cookies auf seiner Festplatte zu Aufzeichnungszwecken und manchmal auch zum Nachverfolgen von Informationen \u00fcber ihn. Der Benutzer kann seinen Webbrowser so einstellen, dass er Cookies ablehnt oder anzeigt, wann ein Cookie gesendet wird. Einige Funktionen und Dienste auf der Website funktionieren jedoch nicht ordnungsgem\u00e4\u00df, wenn Cookies deaktiviert sind.<\/p>\t\t\t\t\t\t\t\t<\/div>\n\t\t\t\t<\/div>\n\t\t\t\t<div class=\"elementor-element elementor-element-5b93e9f elementor-widget elementor-widget-text-editor\" data-id=\"5b93e9f\" data-element_type=\"widget\" data-e-type=\"widget\" data-widget_type=\"text-editor.default\">\n\t\t\t\t<div class=\"elementor-widget-container\">\n\t\t\t\t\t\t\t\t\t<p><strong>WIE WIR DIE GESAMMELTEN INFORMATIONEN VERWENDEN<\/strong><br \/>LIEVD eCommerce Middle East FZCO sammelt und verwendet personenbezogene Daten der Benutzer f\u00fcr die folgenden Zwecke:<\/p><p>Um unsere Website zu verbessern, sind wir st\u00e4ndig bestrebt, unsere Website-Angebote basierend auf den Informationen und dem Feedback, die wir von Ihnen erhalten, zu verbessern. Um sicherzustellen, dass die Inhalte unserer Website f\u00fcr Sie und Ihren Computer so effektiv wie m\u00f6glich dargestellt werden. und Zur Verwaltung unserer Website und f\u00fcr interne Vorg\u00e4nge, einschlie\u00dflich Fehlerbehebung, Datenanalyse, Tests, Forschung, Statistik und Umfragezwecke.<\/p><p>Zum Versenden regelm\u00e4\u00dfiger E-Mails. Wenn sich der Benutzer f\u00fcr die Aufnahme in unsere Mailingliste entscheidet, erh\u00e4lt er E-Mails, die Unternehmensnachrichten, Aktualisierungen, verwandte Produkt- oder Serviceinformationen usw. enthalten k\u00f6nnen. Der Benutzer m\u00f6chte sich jederzeit vom Erhalt zuk\u00fcnftiger E-Mails abmelden Am Ende jeder E-Mail finden Sie detaillierte Anweisungen zum Abbestellen. und um Sie \u00fcber \u00c4nderungen an unserem Service zu informieren.<\/p>\t\t\t\t\t\t\t\t<\/div>\n\t\t\t\t<\/div>\n\t\t\t\t<div class=\"elementor-element elementor-element-2165aa7 elementor-widget elementor-widget-text-editor\" data-id=\"2165aa7\" data-element_type=\"widget\" data-e-type=\"widget\" data-widget_type=\"text-editor.default\">\n\t\t\t\t<div class=\"elementor-widget-container\">\n\t\t\t\t\t\t\t\t\t<p><strong>WIE WIR IHRE INFORMATIONEN SCH\u00dcTZEN<\/strong><br \/>Wir ergreifen geeignete Datenerfassungs-, Speicher- und Verarbeitungspraktiken sowie Sicherheitsma\u00dfnahmen, um Ihre auf unserer Website gespeicherten pers\u00f6nlichen Daten, Benutzernamen, Passw\u00f6rter, Transaktionsinformationen und Daten vor unbefugtem Zugriff, \u00c4nderung, Offenlegung oder Zerst\u00f6rung zu sch\u00fctzen.<\/p>\t\t\t\t\t\t\t\t<\/div>\n\t\t\t\t<\/div>\n\t\t\t\t<div class=\"elementor-element elementor-element-5026e8c elementor-widget elementor-widget-text-editor\" data-id=\"5026e8c\" data-element_type=\"widget\" data-e-type=\"widget\" data-widget_type=\"text-editor.default\">\n\t\t\t\t<div class=\"elementor-widget-container\">\n\t\t\t\t\t\t\t\t\t<p><strong>TEILUNG IHRER PERS\u00d6NLICHEN DATEN<\/strong><br \/>Wir verkaufen, handeln oder \u00fcbertragen die pers\u00f6nlichen Identifikationsdaten der Benutzer nicht auf andere Weise an Dritte. F\u00fcr die oben genannten Zwecke k\u00f6nnen wir generische aggregierte demografische Informationen, die nicht mit personenbezogenen Identifikationsdaten von Besuchern und Nutzern verkn\u00fcpft sind, an unsere Gesch\u00e4ftspartner, vertrauensw\u00fcrdigen verbundenen Unternehmen und Werbetreibenden weitergeben. Wir k\u00f6nnen Drittanbieter einsetzen, die uns bei der F\u00fchrung unseres Unternehmens und der Website unterst\u00fctzen oder in unserem Namen Aktivit\u00e4ten verwalten, beispielsweise den Versand von Newslettern oder Umfragen. Wir k\u00f6nnen Ihre Daten f\u00fcr diese begrenzten Zwecke an diese Dritten weitergeben, sofern Sie uns Ihre Erlaubnis erteilt haben.<\/p><p>Wir k\u00f6nnen Ihre Daten an Gesch\u00e4ftspartner, Lieferanten und Subunternehmer weitergeben, um Vertr\u00e4ge zu erf\u00fcllen, die wir mit ihnen oder Ihnen zu Ihrem Vorteil abschlie\u00dfen.<\/p>\t\t\t\t\t\t\t\t<\/div>\n\t\t\t\t<\/div>\n\t\t\t\t<div class=\"elementor-element elementor-element-1afa74a elementor-widget elementor-widget-text-editor\" data-id=\"1afa74a\" data-element_type=\"widget\" data-e-type=\"widget\" data-widget_type=\"text-editor.default\">\n\t\t\t\t<div class=\"elementor-widget-container\">\n\t\t\t\t\t\t\t\t\t<p><strong>WEBSITES DRITTER<\/strong><br \/>Benutzer k\u00f6nnen auf unserer Website Werbung oder andere Inhalte finden, die auf die Websites und Dienste unserer Partner, Lieferanten, Werbetreibenden, Sponsoren, Lizenzgeber und anderer Dritter verweisen. Wir haben keine Kontrolle \u00fcber die Inhalte oder Links, die auf diesen Websites erscheinen, und sind nicht verantwortlich f\u00fcr die Praktiken von Websites, die mit unserer Website verlinkt sind oder von dieser aus verlinkt werden. Dar\u00fcber hinaus k\u00f6nnen sich diese Websites oder Dienste, einschlie\u00dflich ihrer Inhalte und Links, st\u00e4ndig \u00e4ndern. F\u00fcr diese Websites und Dienste gelten m\u00f6glicherweise eigene Datenschutzrichtlinien und Kundendienstrichtlinien. Das Surfen und die Interaktion auf anderen Websites, einschlie\u00dflich Websites, die \u00fcber einen Link zu unserer Website verf\u00fcgen, unterliegen den eigenen Bedingungen und Richtlinien dieser Website.<\/p>\t\t\t\t\t\t\t\t<\/div>\n\t\t\t\t<\/div>\n\t\t\t\t<div class=\"elementor-element elementor-element-b94f3b8 elementor-widget elementor-widget-text-editor\" data-id=\"b94f3b8\" data-element_type=\"widget\" data-e-type=\"widget\" data-widget_type=\"text-editor.default\">\n\t\t\t\t<div class=\"elementor-widget-container\">\n\t\t\t\t\t\t\t\t\t<p><strong>\u00c4NDERUNGEN AN DIESER DATENSCHUTZRICHTLINIE<\/strong><br \/>Es liegt im Ermessen von LIEVD eCommerce Middle East FZCO, diese Datenschutzrichtlinie jederzeit zu aktualisieren. In diesem Fall werden wir das aktualisierte Datum unten auf dieser Seite \u00fcberarbeiten. Wir empfehlen Benutzern, diese Seite regelm\u00e4\u00dfig auf \u00c4nderungen zu \u00fcberpr\u00fcfen, um dar\u00fcber informiert zu bleiben, wie wir zum Schutz der pers\u00f6nlichen Daten beitragen, die wir durch die Nutzung unserer Website sammeln. Sie erkennen an und stimmen zu, dass es in Ihrer Verantwortung liegt, diese Datenschutzrichtlinie regelm\u00e4\u00dfig zu \u00fcberpr\u00fcfen und sich \u00fcber \u00c4nderungen zu informieren.<\/p>\t\t\t\t\t\t\t\t<\/div>\n\t\t\t\t<\/div>\n\t\t\t\t<div class=\"elementor-element elementor-element-827c27e elementor-widget elementor-widget-text-editor\" data-id=\"827c27e\" data-element_type=\"widget\" data-e-type=\"widget\" data-widget_type=\"text-editor.default\">\n\t\t\t\t<div class=\"elementor-widget-container\">\n\t\t\t\t\t\t\t\t\t<p><strong>IHRE ANNAHME DIESER BEDINGUNGEN<\/strong><br \/>Durch die Nutzung dieser Website erkl\u00e4ren Sie Ihr Einverst\u00e4ndnis mit dieser Richtlinie und den Nutzungsbedingungen. Wenn Sie dieser Richtlinie nicht zustimmen, nutzen Sie unsere Website bitte nicht. Ihre fortgesetzte Nutzung der Website nach der Ver\u00f6ffentlichung von \u00c4nderungen an dieser Richtlinie gilt als Ihre Zustimmung zu diesen \u00c4nderungen.<\/p>\t\t\t\t\t\t\t\t<\/div>\n\t\t\t\t<\/div>\n\t\t\t\t<div class=\"elementor-element elementor-element-b0eab5b elementor-widget-divider--view-line elementor-widget elementor-widget-divider\" data-id=\"b0eab5b\" data-element_type=\"widget\" data-e-type=\"widget\" data-widget_type=\"divider.default\">\n\t\t\t\t<div class=\"elementor-widget-container\">\n\t\t\t\t\t\t\t<div class=\"elementor-divider\">\n\t\t\t<span class=\"elementor-divider-separator\">\n\t\t\t\t\t\t<\/span>\n\t\t<\/div>\n\t\t\t\t\t\t<\/div>\n\t\t\t\t<\/div>\n\t\t\t\t\t<\/div>\n\t\t<\/div>\n\t\t\t\t\t<\/div>\n\t\t<\/section>\n\t\t\t\t\t<\/div>\n\t\t<\/div>\n\t\t\t\t\t<\/div>\n\t\t<\/section>\n\t\t\t\t<section class=\"elementor-section elementor-top-section elementor-element elementor-element-ced9243 elementor-section-boxed elementor-section-height-default elementor-section-height-default\" data-id=\"ced9243\" data-element_type=\"section\" data-e-type=\"section\">\n\t\t\t\t\t\t<div class=\"elementor-container elementor-column-gap-default\">\n\t\t\t\t\t<div class=\"elementor-column elementor-col-100 elementor-top-column elementor-element elementor-element-f62e5fa\" data-id=\"f62e5fa\" data-element_type=\"column\" data-e-type=\"column\" data-settings=\"{&quot;background_background&quot;:&quot;classic&quot;}\">\n\t\t\t<div class=\"elementor-widget-wrap elementor-element-populated\">\n\t\t\t\t\t\t<div class=\"elementor-element elementor-element-e4f0ab9 elementor-widget elementor-widget-heading\" data-id=\"e4f0ab9\" data-element_type=\"widget\" data-e-type=\"widget\" data-widget_type=\"heading.default\">\n\t\t\t\t<div class=\"elementor-widget-container\">\n\t\t\t\t\t<h2 class=\"elementor-heading-title elementor-size-default\">Contacting Us<\/h2>\t\t\t\t<\/div>\n\t\t\t\t<\/div>\n\t\t\t\t<div class=\"elementor-element elementor-element-88e95d9 elementor-widget elementor-widget-text-editor\" data-id=\"88e95d9\" data-element_type=\"widget\" data-e-type=\"widget\" data-widget_type=\"text-editor.default\">\n\t\t\t\t<div class=\"elementor-widget-container\">\n\t\t\t\t\t\t\t\t\t<p>Wenn Sie Fragen zu dieser Datenschutzrichtlinie, den Praktiken dieser Website oder Ihrem Umgang mit dieser Website haben, kontaktieren Sie uns bitte unter:<\/p><p>LIEVD eCommerce Middle East FZCO I https:\/\/boom-commerce.com<\/p><p>Dubai CommerCity, 1 17th St - Umm Ramool, Dubai, Vereinigte Arabische Emirate<\/p><p>E-Mail: hello (at) boom-commerce (dot) com<\/p>\t\t\t\t\t\t\t\t<\/div>\n\t\t\t\t<\/div>\n\t\t\t\t\t<\/div>\n\t\t<\/div>\n\t\t\t\t\t<\/div>\n\t\t<\/section>\n\t\t\t\t<\/div>","protected":false},"excerpt":{"rendered":"<p>Privacy Policy This Privacy Policy governs the manner in which LIEVD eCommerce Middle East FZCO collects, uses, maintains and discloses information collected from users (each, a \u201cUser\u201d) of the https:\/\/boom-commerce.com website (\u201cSite\u201d). This privacy policy applies to the Site and all products and services offered by LIEVD eCommerce Middle East FZCO. PERSONAL IDENTIFICATION INFORMATIONWe may [&hellip;]<\/p>\n","protected":false},"author":2,"featured_media":0,"parent":0,"menu_order":0,"comment_status":"closed","ping_status":"closed","template":"elementor_header_footer","meta":{"footnotes":""},"class_list":["post-11564","page","type-page","status-publish","hentry"],"_links":{"self":[{"href":"https:\/\/boom-commerce.com\/de\/wp-json\/wp\/v2\/pages\/11564","targetHints":{"allow":["GET"]}}],"collection":[{"href":"https:\/\/boom-commerce.com\/de\/wp-json\/wp\/v2\/pages"}],"about":[{"href":"https:\/\/boom-commerce.com\/de\/wp-json\/wp\/v2\/types\/page"}],"author":[{"embeddable":true,"href":"https:\/\/boom-commerce.com\/de\/wp-json\/wp\/v2\/users\/2"}],"replies":[{"embeddable":true,"href":"https:\/\/boom-commerce.com\/de\/wp-json\/wp\/v2\/comments?post=11564"}],"version-history":[{"count":41,"href":"https:\/\/boom-commerce.com\/de\/wp-json\/wp\/v2\/pages\/11564\/revisions"}],"predecessor-version":[{"id":13736,"href":"https:\/\/boom-commerce.com\/de\/wp-json\/wp\/v2\/pages\/11564\/revisions\/13736"}],"wp:attachment":[{"href":"https:\/\/boom-commerce.com\/de\/wp-json\/wp\/v2\/media?parent=11564"}],"curies":[{"name":"wp","href":"https:\/\/api.w.org\/{rel}","templated":true}]}}