{"id":11546,"date":"2024-05-28T13:05:56","date_gmt":"2024-05-28T13:05:56","guid":{"rendered":"https:\/\/boom-commerce.com\/?page_id=11546"},"modified":"2026-02-27T05:49:22","modified_gmt":"2026-02-27T05:49:22","slug":"imprint","status":"publish","type":"page","link":"https:\/\/boom-commerce.com\/de\/imprint\/","title":{"rendered":"Impressum"},"content":{"rendered":"<div data-elementor-type=\"wp-page\" data-elementor-id=\"11546\" class=\"elementor elementor-11546\" data-elementor-post-type=\"page\">\n\t\t\t\t\t\t<section class=\"elementor-section elementor-top-section elementor-element elementor-element-5243a9d elementor-section-boxed elementor-section-height-default elementor-section-height-default\" data-id=\"5243a9d\" data-element_type=\"section\" data-e-type=\"section\">\n\t\t\t\t\t\t<div class=\"elementor-container elementor-column-gap-default\">\n\t\t\t\t\t<div class=\"elementor-column elementor-col-100 elementor-top-column elementor-element elementor-element-8c223a0\" data-id=\"8c223a0\" data-element_type=\"column\" data-e-type=\"column\" data-settings=\"{&quot;background_background&quot;:&quot;classic&quot;}\">\n\t\t\t<div class=\"elementor-widget-wrap elementor-element-populated\">\n\t\t\t\t\t\t<section class=\"elementor-section elementor-inner-section elementor-element elementor-element-2343720 elementor-section-boxed elementor-section-height-default elementor-section-height-default\" data-id=\"2343720\" data-element_type=\"section\" data-e-type=\"section\">\n\t\t\t\t\t\t<div class=\"elementor-container elementor-column-gap-default\">\n\t\t\t\t\t<div class=\"elementor-column elementor-col-100 elementor-inner-column elementor-element elementor-element-e4c0840\" data-id=\"e4c0840\" data-element_type=\"column\" data-e-type=\"column\">\n\t\t\t<div class=\"elementor-widget-wrap elementor-element-populated\">\n\t\t\t\t\t\t<div class=\"elementor-element elementor-element-093dd4e elementor-widget elementor-widget-heading\" data-id=\"093dd4e\" data-element_type=\"widget\" data-e-type=\"widget\" data-widget_type=\"heading.default\">\n\t\t\t\t<div class=\"elementor-widget-container\">\n\t\t\t\t\t<h1 class=\"elementor-heading-title elementor-size-default\">Impressum<\/h1>\t\t\t\t<\/div>\n\t\t\t\t<\/div>\n\t\t\t\t<div class=\"elementor-element elementor-element-43446be elementor-widget-divider--view-line elementor-widget elementor-widget-divider\" data-id=\"43446be\" data-element_type=\"widget\" data-e-type=\"widget\" data-widget_type=\"divider.default\">\n\t\t\t\t<div class=\"elementor-widget-container\">\n\t\t\t\t\t\t\t<div class=\"elementor-divider\">\n\t\t\t<span class=\"elementor-divider-separator\">\n\t\t\t\t\t\t<\/span>\n\t\t<\/div>\n\t\t\t\t\t\t<\/div>\n\t\t\t\t<\/div>\n\t\t\t\t<div class=\"elementor-element elementor-element-769717e elementor-widget elementor-widget-text-editor\" data-id=\"769717e\" data-element_type=\"widget\" data-e-type=\"widget\" data-widget_type=\"text-editor.default\">\n\t\t\t\t<div class=\"elementor-widget-container\">\n\t\t\t\t\t\t\t\t\t<p><strong>Website-Betreiber<\/strong><br \/>LIEVD eCommerce Middle East FZCO<br aria-hidden=\"true\" \/>Dubai CommerCity<br aria-hidden=\"true\" \/>Dubai, UAE<br aria-hidden=\"true\" \/>Contact: <span draggable=\"true\"><a href=\"mailto:hello@boom-commerce.com\" target=\"_blank\" rel=\"noopener noreferrer\" aria-haspopup=\"menu\">hello@boom-commerce.com<\/a><\/span><\/p>\t\t\t\t\t\t\t\t<\/div>\n\t\t\t\t<\/div>\n\t\t\t\t<div class=\"elementor-element elementor-element-c774cf4 elementor-widget elementor-widget-text-editor\" data-id=\"c774cf4\" data-element_type=\"widget\" data-e-type=\"widget\" data-widget_type=\"text-editor.default\">\n\t\t\t\t<div class=\"elementor-widget-container\">\n\t\t\t\t\t\t\t\t\t<p><strong>Zahlungs- und Vertragsunternehmen<\/strong><br \/>Boom Commerce LLC<br aria-hidden=\"true\" \/>30 N Gould St<br aria-hidden=\"true\" \/>Sheridan, WY 82801<br aria-hidden=\"true\" \/>United States<br aria-hidden=\"true\" \/>Limited Liability Company registered in the State of Wyoming<\/p>\t\t\t\t\t\t\t\t<\/div>\n\t\t\t\t<\/div>\n\t\t\t\t<div class=\"elementor-element elementor-element-7d06476 elementor-widget elementor-widget-text-editor\" data-id=\"7d06476\" data-element_type=\"widget\" data-e-type=\"widget\" data-widget_type=\"text-editor.default\">\n\t\t\t\t<div class=\"elementor-widget-container\">\n\t\t\t\t\t\t\t\t\t<p><em>Payments and customer contracts are processed through this entity.<\/em><\/p>\t\t\t\t\t\t\t\t<\/div>\n\t\t\t\t<\/div>\n\t\t\t\t<div class=\"elementor-element elementor-element-0fc3419 elementor-widget elementor-widget-text-editor\" data-id=\"0fc3419\" data-element_type=\"widget\" data-e-type=\"widget\" data-widget_type=\"text-editor.default\">\n\t\t\t\t<div class=\"elementor-widget-container\">\n\t\t\t\t\t\t\t\t\t<p><strong>Haftungsausschluss<\/strong><br \/>Die auf unserer Seite aufgef\u00fchrten Inhalte sind von uns sorgf\u00e4ltig zusammengestellt und gepr\u00fcft worden. F\u00fcr die Vollst\u00e4ndigkeit und Korrektheit der ver\u00f6ffentlichten Inhalte \u00fcbernimmt die LIEVD eCommerce Middle East FZCO jedoch keinerlei Gew\u00e4hr.<\/p><p>Unsere Homepage enth\u00e4lt zudem Links zu Inhalten externer Anbieter. Hiermit erkl\u00e4ren wir, dass wir uns ausdr\u00fccklich von s\u00e4mtlichen Inhalten externer Anbieter, zu denen wir auf unseren Seiten Links gelegt haben, distanzieren und stellen uns hiermit von allen Einfl\u00fcssen auf Gestaltung und Inhalt der gelinkten Seiten frei. Diese Erkl\u00e4rung gilt f\u00fcr alle von uns angelegten Links sowie die Seiten, die auf die Seite der LIEVD eCommerce Middle East FZCO verweisen.<\/p>\t\t\t\t\t\t\t\t<\/div>\n\t\t\t\t<\/div>\n\t\t\t\t<div class=\"elementor-element elementor-element-5a57f29 elementor-widget elementor-widget-text-editor\" data-id=\"5a57f29\" data-element_type=\"widget\" data-e-type=\"widget\" data-widget_type=\"text-editor.default\">\n\t\t\t\t<div class=\"elementor-widget-container\">\n\t\t\t\t\t\t\t\t\t<p><strong>Urheberrecht<\/strong><br \/>Die durch die Seitenbetreiber erstellten Inhalte und Werke auf diesen Seiten unterliegen dem deutschen Urheberrecht. Die Vervielf\u00e4ltigung, Bearbeitung, Verbreitung und jede Art der Verwertung au\u00dferhalb der Grenzen des Urheberrechtes bed\u00fcrfen der schriftlichen Zustimmung des jeweiligen Autors bzw. Erstellers. Downloads und Kopien dieser Seite sind nur f\u00fcr den privaten, nicht kommerziellen Gebrauch gestattet. Soweit die Inhalte auf dieser Seite nicht vom Betreiber erstellt wurden, werden die Urheberrechte Dritter beachtet. Insbesondere werden Inhalte Dritter als solche gekennzeichnet. Sollten Sie trotzdem auf eine Urheberrechtsverletzung aufmerksam werden, bitten wir um einen entsprechenden Hinweis. Bei Bekanntwerden von Rechtsverletzungen werden wir derartige Inhalte umgehend entfernen.<\/p>\t\t\t\t\t\t\t\t<\/div>\n\t\t\t\t<\/div>\n\t\t\t\t<div class=\"elementor-element elementor-element-ec080bc elementor-widget-divider--view-line elementor-widget elementor-widget-divider\" data-id=\"ec080bc\" data-element_type=\"widget\" data-e-type=\"widget\" data-widget_type=\"divider.default\">\n\t\t\t\t<div class=\"elementor-widget-container\">\n\t\t\t\t\t\t\t<div class=\"elementor-divider\">\n\t\t\t<span class=\"elementor-divider-separator\">\n\t\t\t\t\t\t<\/span>\n\t\t<\/div>\n\t\t\t\t\t\t<\/div>\n\t\t\t\t<\/div>\n\t\t\t\t\t<\/div>\n\t\t<\/div>\n\t\t\t\t\t<\/div>\n\t\t<\/section>\n\t\t\t\t\t<\/div>\n\t\t<\/div>\n\t\t\t\t\t<\/div>\n\t\t<\/section>\n\t\t\t\t<\/div>","protected":false},"excerpt":{"rendered":"<p>Imprint Website OperatorLIEVD eCommerce Middle East FZCODubai CommerCityDubai, UAEContact: hello@boom-commerce.com Payment &amp; Contracting CompanyBoom Commerce LLC30 N Gould StSheridan, WY 82801United StatesLimited Liability Company registered in the State of Wyoming Payments and customer contracts are processed through this entity. DisclaimerThe contents listed on our site have been carefully compiled and checked by us. However, LIEVD [&hellip;]<\/p>\n","protected":false},"author":2,"featured_media":0,"parent":0,"menu_order":0,"comment_status":"closed","ping_status":"closed","template":"elementor_header_footer","meta":{"footnotes":""},"class_list":["post-11546","page","type-page","status-publish","hentry"],"_links":{"self":[{"href":"https:\/\/boom-commerce.com\/de\/wp-json\/wp\/v2\/pages\/11546","targetHints":{"allow":["GET"]}}],"collection":[{"href":"https:\/\/boom-commerce.com\/de\/wp-json\/wp\/v2\/pages"}],"about":[{"href":"https:\/\/boom-commerce.com\/de\/wp-json\/wp\/v2\/types\/page"}],"author":[{"embeddable":true,"href":"https:\/\/boom-commerce.com\/de\/wp-json\/wp\/v2\/users\/2"}],"replies":[{"embeddable":true,"href":"https:\/\/boom-commerce.com\/de\/wp-json\/wp\/v2\/comments?post=11546"}],"version-history":[{"count":35,"href":"https:\/\/boom-commerce.com\/de\/wp-json\/wp\/v2\/pages\/11546\/revisions"}],"predecessor-version":[{"id":18128,"href":"https:\/\/boom-commerce.com\/de\/wp-json\/wp\/v2\/pages\/11546\/revisions\/18128"}],"wp:attachment":[{"href":"https:\/\/boom-commerce.com\/de\/wp-json\/wp\/v2\/media?parent=11546"}],"curies":[{"name":"wp","href":"https:\/\/api.w.org\/{rel}","templated":true}]}}