{"id":11523,"date":"2024-05-28T12:47:02","date_gmt":"2024-05-28T12:47:02","guid":{"rendered":"https:\/\/boom-commerce.com\/?page_id=11523"},"modified":"2024-08-20T03:57:29","modified_gmt":"2024-08-20T03:57:29","slug":"terms-conditions","status":"publish","type":"page","link":"https:\/\/boom-commerce.com\/de\/terms-conditions\/","title":{"rendered":"Terms &#038; Conditions"},"content":{"rendered":"<div data-elementor-type=\"wp-page\" data-elementor-id=\"11523\" class=\"elementor elementor-11523\" data-elementor-post-type=\"page\">\n\t\t\t\t\t\t<section class=\"elementor-section elementor-top-section elementor-element elementor-element-2118757 elementor-section-boxed elementor-section-height-default elementor-section-height-default\" data-id=\"2118757\" data-element_type=\"section\" data-e-type=\"section\">\n\t\t\t\t\t\t<div class=\"elementor-container elementor-column-gap-default\">\n\t\t\t\t\t<div class=\"elementor-column elementor-col-100 elementor-top-column elementor-element elementor-element-e3d7e3a\" data-id=\"e3d7e3a\" data-element_type=\"column\" data-e-type=\"column\" data-settings=\"{&quot;background_background&quot;:&quot;classic&quot;}\">\n\t\t\t<div class=\"elementor-widget-wrap elementor-element-populated\">\n\t\t\t\t\t\t<section class=\"elementor-section elementor-inner-section elementor-element elementor-element-64833a4 elementor-section-boxed elementor-section-height-default elementor-section-height-default\" data-id=\"64833a4\" data-element_type=\"section\" data-e-type=\"section\">\n\t\t\t\t\t\t<div class=\"elementor-container elementor-column-gap-default\">\n\t\t\t\t\t<div class=\"elementor-column elementor-col-100 elementor-inner-column elementor-element elementor-element-d89cf39\" data-id=\"d89cf39\" data-element_type=\"column\" data-e-type=\"column\">\n\t\t\t<div class=\"elementor-widget-wrap elementor-element-populated\">\n\t\t\t\t\t\t<div class=\"elementor-element elementor-element-093dd4e elementor-widget elementor-widget-heading\" data-id=\"093dd4e\" data-element_type=\"widget\" data-e-type=\"widget\" data-widget_type=\"heading.default\">\n\t\t\t\t<div class=\"elementor-widget-container\">\n\t\t\t\t\t<h1 class=\"elementor-heading-title elementor-size-default\">Terms &amp; Conditions<\/h1>\t\t\t\t<\/div>\n\t\t\t\t<\/div>\n\t\t\t\t<div class=\"elementor-element elementor-element-43446be elementor-widget-divider--view-line elementor-widget elementor-widget-divider\" data-id=\"43446be\" data-element_type=\"widget\" data-e-type=\"widget\" data-widget_type=\"divider.default\">\n\t\t\t\t<div class=\"elementor-widget-container\">\n\t\t\t\t\t\t\t<div class=\"elementor-divider\">\n\t\t\t<span class=\"elementor-divider-separator\">\n\t\t\t\t\t\t<\/span>\n\t\t<\/div>\n\t\t\t\t\t\t<\/div>\n\t\t\t\t<\/div>\n\t\t\t\t<div class=\"elementor-element elementor-element-47704ed elementor-widget elementor-widget-text-editor\" data-id=\"47704ed\" data-element_type=\"widget\" data-e-type=\"widget\" data-widget_type=\"text-editor.default\">\n\t\t\t\t<div class=\"elementor-widget-container\">\n\t\t\t\t\t\t\t\t\t<p><strong>EINF\u00dcHRUNG<\/strong><br \/>Diese Allgemeinen Gesch\u00e4ftsbedingungen der Website (diese \u201eBedingungen\u201c oder \u201eStandard-Gesch\u00e4ftsbedingungen der Website\u201c), die hierin auf dieser Webseite enthalten sind, regeln Ihre Nutzung dieser Website, einschlie\u00dflich aller Seiten innerhalb dieser Website (im Folgenden zusammenfassend als \u201edieses\u201c bezeichnet). Webseite\"). Diese Bedingungen gelten in vollem Umfang f\u00fcr Ihre Nutzung dieser Website und durch die Nutzung dieser Website akzeptieren Sie ausdr\u00fccklich alle hierin enthaltenen Bedingungen und Konditionen in vollem Umfang. Sie d\u00fcrfen diese Website nicht nutzen, wenn Sie Einw\u00e4nde gegen eine dieser Allgemeinen Gesch\u00e4ftsbedingungen der Website haben. Diese Website ist nicht f\u00fcr die Nutzung durch Minderj\u00e4hrige bestimmt (definiert als Personen, die nicht mindestens 18 Jahre alt sind), und Sie d\u00fcrfen diese Website nicht nutzen, wenn Sie minderj\u00e4hrig sind.<\/p>\t\t\t\t\t\t\t\t<\/div>\n\t\t\t\t<\/div>\n\t\t\t\t<div class=\"elementor-element elementor-element-17de0cd elementor-widget elementor-widget-text-editor\" data-id=\"17de0cd\" data-element_type=\"widget\" data-e-type=\"widget\" data-widget_type=\"text-editor.default\">\n\t\t\t\t<div class=\"elementor-widget-container\">\n\t\t\t\t\t\t\t\t\t<p><strong>RECHTE AN GEISTIGEM EIGENTUM<\/strong><br \/>Abgesehen von den Inhalten, deren Eigent\u00fcmer Sie sind und f\u00fcr deren Aufnahme Sie sich m\u00f6glicherweise auf dieser Website entschieden haben, besitzen LIEVD eCommerce Middle East FZCO und\/oder seine Lizenzgeber gem\u00e4\u00df diesen Bedingungen alle Rechte an dem auf dieser Website enthaltenen geistigen Eigentum und Material sowie alle diese Rechte sind vorbehalten. Ihnen wird vorbehaltlich der in diesen Bedingungen vorgesehenen Einschr\u00e4nkungen lediglich eine eingeschr\u00e4nkte Lizenz zum Zwecke der Anzeige des auf dieser Website enthaltenen Materials gew\u00e4hrt.<\/p>\t\t\t\t\t\t\t\t<\/div>\n\t\t\t\t<\/div>\n\t\t\t\t<div class=\"elementor-element elementor-element-9af14df elementor-widget elementor-widget-text-editor\" data-id=\"9af14df\" data-element_type=\"widget\" data-e-type=\"widget\" data-widget_type=\"text-editor.default\">\n\t\t\t\t<div class=\"elementor-widget-container\">\n\t\t\t\t\t\t\t\t\t<p><strong>EINSCHR\u00c4NKUNGEN<\/strong><br \/>Folgendes ist Ihnen ausdr\u00fccklich und nachdr\u00fccklich untersagt:<br \/>1. Ver\u00f6ffentlichung von Website-Material in beliebigen Medien;<br \/>2. Verkauf, Unterlizenzierung und\/oder anderweitige Kommerzialisierung von Website-Material;<br \/>3. \u00f6ffentliches Auff\u00fchren und\/oder Zeigen von Website-Materialien;<br \/>4. Nutzung dieser Website in irgendeiner Weise, die dieser Website schadet oder m\u00f6glicherweise schadet;<br \/>5. Nutzung dieser Website in irgendeiner Weise, die den Benutzerzugriff auf diese Website beeintr\u00e4chtigt;<br \/>6. Nutzung dieser Website im Widerspruch zu geltenden Gesetzen und Vorschriften oder in einer Weise, die der Website oder einer nat\u00fcrlichen oder juristischen Person Schaden zuf\u00fcgt oder zuf\u00fcgen k\u00f6nnte;<br \/>7. Beteiligung an Datengewinnung, Datenerfassung, Datenextraktion oder anderen \u00e4hnlichen Aktivit\u00e4ten im Zusammenhang mit dieser Website oder w\u00e4hrend der Nutzung dieser Website;<br \/>8. Nutzung dieser Website zur Durchf\u00fchrung von Werbung oder Marketing; Der Zugriff auf bestimmte Bereiche dieser Website ist f\u00fcr Sie gesperrt und LIEVD eCommerce Middle East FZCO kann den Zugriff f\u00fcr Sie auf beliebige Bereiche dieser Website jederzeit und nach eigenem und freiem Ermessen weiter einschr\u00e4nken. Alle Benutzer-IDs und Passw\u00f6rter, die Sie m\u00f6glicherweise f\u00fcr diese Website haben, sind vertraulich und Sie m\u00fcssen die Vertraulichkeit dieser Informationen wahren.<\/p>\t\t\t\t\t\t\t\t<\/div>\n\t\t\t\t<\/div>\n\t\t\t\t<div class=\"elementor-element elementor-element-be461b9 elementor-widget elementor-widget-text-editor\" data-id=\"be461b9\" data-element_type=\"widget\" data-e-type=\"widget\" data-widget_type=\"text-editor.default\">\n\t\t\t\t<div class=\"elementor-widget-container\">\n\t\t\t\t\t\t\t\t\t<p><strong>IHR INHALT<\/strong><br \/>In diesen Allgemeinen Gesch\u00e4ftsbedingungen f\u00fcr die Website bezeichnet \u201eIhre Inhalte\u201c alle Audio-, Video-, Text-, Bild- und sonstigen Materialien, die Sie auf dieser Website anzeigen m\u00f6chten. In Bezug auf Ihre Inhalte gew\u00e4hren Sie LIEVD eCommerce Middle East FZCO durch die Anzeige eine nicht-exklusive, weltweite, unwiderrufliche, geb\u00fchrenfreie, unterlizenzierbare Lizenz zur Nutzung, Vervielf\u00e4ltigung, Anpassung, Ver\u00f6ffentlichung, \u00dcbersetzung und Verbreitung in allen Medien . Ihr Inhalt muss Ihr eigener sein und darf nicht die Rechte Dritter verletzen. LIEVD eCommerce Middle East FZCO beh\u00e4lt sich das Recht vor, Ihre Inhalte jederzeit und aus beliebigem Grund ohne Vorank\u00fcndigung von dieser Website zu entfernen.<\/p>\t\t\t\t\t\t\t\t<\/div>\n\t\t\t\t<\/div>\n\t\t\t\t<div class=\"elementor-element elementor-element-72183f8 elementor-widget elementor-widget-text-editor\" data-id=\"72183f8\" data-element_type=\"widget\" data-e-type=\"widget\" data-widget_type=\"text-editor.default\">\n\t\t\t\t<div class=\"elementor-widget-container\">\n\t\t\t\t\t\t\t\t\t<p><strong>KEINE GARANTIEN<\/strong><br \/>Diese Website wird \u201ewie besehen\u201c mit allen Fehlern bereitgestellt und LIEVD eCommerce Middle East FZCO gibt keine ausdr\u00fccklichen oder stillschweigenden Zusicherungen oder Gew\u00e4hrleistungen jeglicher Art im Zusammenhang mit dieser Website oder den auf dieser Website enthaltenen Materialien. Dar\u00fcber hinaus ist nichts auf dieser Website als Beratung oder Beratung f\u00fcr Sie zu verstehen.<\/p>\t\t\t\t\t\t\t\t<\/div>\n\t\t\t\t<\/div>\n\t\t\t\t<div class=\"elementor-element elementor-element-0dc377a elementor-widget elementor-widget-text-editor\" data-id=\"0dc377a\" data-element_type=\"widget\" data-e-type=\"widget\" data-widget_type=\"text-editor.default\">\n\t\t\t\t<div class=\"elementor-widget-container\">\n\t\t\t\t\t\t\t\t\t<p><strong>HAFTUNGSBESCHR\u00c4NKUNG<\/strong><br \/>In keinem Fall haften LIEVD eCommerce Middle East FZCO oder seine leitenden Angestellten, Direktoren und Mitarbeiter Ihnen gegen\u00fcber f\u00fcr irgendetwas, das sich aus Ihrer Nutzung dieser Website ergibt oder in irgendeiner Weise damit zusammenh\u00e4ngt, unabh\u00e4ngig davon, ob diese Haftung vertraglich, aus unerlaubter Handlung oder aus unerlaubter Handlung stammt Andernfalls haften LIEVD eCommerce Middle East FZCO , einschlie\u00dflich seiner leitenden Angestellten, Direktoren und Mitarbeiter, nicht f\u00fcr indirekte, Folge- oder Sonderhaftungen, die sich aus oder in irgendeiner Weise im Zusammenhang mit Ihrer Nutzung dieser Website ergeben.<\/p>\t\t\t\t\t\t\t\t<\/div>\n\t\t\t\t<\/div>\n\t\t\t\t<div class=\"elementor-element elementor-element-8dd4784 elementor-widget elementor-widget-text-editor\" data-id=\"8dd4784\" data-element_type=\"widget\" data-e-type=\"widget\" data-widget_type=\"text-editor.default\">\n\t\t\t\t<div class=\"elementor-widget-container\">\n\t\t\t\t\t\t\t\t\t<p><strong>SCHADENERSATZ<\/strong><br \/>Sie stellen LIEVD eCommerce Middle East FZCO hiermit in vollem Umfang von s\u00e4mtlichen Verbindlichkeiten, Kosten, Forderungen, Klagegr\u00fcnden, Sch\u00e4den und Ausgaben (einschlie\u00dflich angemessener Anwaltskosten) frei, die sich aus oder in irgendeiner Weise im Zusammenhang mit Ihrem Versto\u00df gegen irgendetwas ergeben der Bestimmungen dieser Bedingungen.<\/p>\t\t\t\t\t\t\t\t<\/div>\n\t\t\t\t<\/div>\n\t\t\t\t<div class=\"elementor-element elementor-element-57b1abd elementor-widget elementor-widget-text-editor\" data-id=\"57b1abd\" data-element_type=\"widget\" data-e-type=\"widget\" data-widget_type=\"text-editor.default\">\n\t\t\t\t<div class=\"elementor-widget-container\">\n\t\t\t\t\t\t\t\t\t<p><strong>TRENNBARKEIT<\/strong><br \/>Sollte sich herausstellen, dass eine Bestimmung dieser Bedingungen nach geltendem Recht nicht durchsetzbar oder ung\u00fcltig ist, f\u00fchrt diese Nichtdurchsetzbarkeit oder Ung\u00fcltigkeit nicht dazu, dass diese Bedingungen insgesamt nicht durchsetzbar oder ung\u00fcltig sind, und diese Bestimmungen werden gel\u00f6scht, ohne dass die \u00fcbrigen Bestimmungen hierin ber\u00fchrt werden.<\/p>\t\t\t\t\t\t\t\t<\/div>\n\t\t\t\t<\/div>\n\t\t\t\t<div class=\"elementor-element elementor-element-43b8de0 elementor-widget elementor-widget-text-editor\" data-id=\"43b8de0\" data-element_type=\"widget\" data-e-type=\"widget\" data-widget_type=\"text-editor.default\">\n\t\t\t\t<div class=\"elementor-widget-container\">\n\t\t\t\t\t\t\t\t\t<p><strong>VARIATION DER BEGRIFFE<\/strong><br \/>LIEVD eCommerce Middle East FZCO ist berechtigt, diese Bedingungen jederzeit nach eigenem Ermessen zu \u00fcberarbeiten. Durch die Nutzung dieser Website wird von Ihnen erwartet, dass Sie diese Bedingungen regelm\u00e4\u00dfig \u00fcberpr\u00fcfen, um sicherzustellen, dass Sie alle Bedingungen verstehen, die die Nutzung dieser Website regeln.<\/p>\t\t\t\t\t\t\t\t<\/div>\n\t\t\t\t<\/div>\n\t\t\t\t<div class=\"elementor-element elementor-element-7d6a9b0 elementor-widget elementor-widget-text-editor\" data-id=\"7d6a9b0\" data-element_type=\"widget\" data-e-type=\"widget\" data-widget_type=\"text-editor.default\">\n\t\t\t\t<div class=\"elementor-widget-container\">\n\t\t\t\t\t\t\t\t\t<p><strong>ABTRETUNG<\/strong><br \/>LIEVD eCommerce Middle East FZCO ist berechtigt, seine Rechte und\/oder Pflichten aus diesen Bedingungen abzutreten, zu \u00fcbertragen und als Unterauftrag zu vergeben, ohne dass eine Benachrichtigung oder Zustimmung erforderlich ist. Jedoch; Es ist Ihnen nicht gestattet, Ihre Rechte und\/oder Pflichten aus diesen Bedingungen abzutreten, zu \u00fcbertragen oder unterzuvergeben.<\/p>\t\t\t\t\t\t\t\t<\/div>\n\t\t\t\t<\/div>\n\t\t\t\t<div class=\"elementor-element elementor-element-28aa6d2 elementor-widget elementor-widget-text-editor\" data-id=\"28aa6d2\" data-element_type=\"widget\" data-e-type=\"widget\" data-widget_type=\"text-editor.default\">\n\t\t\t\t<div class=\"elementor-widget-container\">\n\t\t\t\t\t\t\t\t\t<p><strong>GANZE VEREINBARUNG<\/strong><br \/>Diese Bedingungen, einschlie\u00dflich aller auf dieser Website enthaltenen rechtlichen Hinweise und Haftungsausschl\u00fcsse, stellen die gesamte Vereinbarung zwischen LIEVD eCommerce Middle East FZCO und Ihnen in Bezug auf Ihre Nutzung dieser Website dar und ersetzen alle vorherigen diesbez\u00fcglichen Vereinbarungen und Absprachen.<\/p>\t\t\t\t\t\t\t\t<\/div>\n\t\t\t\t<\/div>\n\t\t\t\t<div class=\"elementor-element elementor-element-ff6cd62 elementor-widget elementor-widget-text-editor\" data-id=\"ff6cd62\" data-element_type=\"widget\" data-e-type=\"widget\" data-widget_type=\"text-editor.default\">\n\t\t\t\t<div class=\"elementor-widget-container\">\n\t\t\t\t\t\t\t\t\t<p><strong>ANWENDBARES RECHT UND GERICHTSSTAND<\/strong><br \/>Diese Bedingungen unterliegen den Gesetzen der Vereinigten Arabischen Emirate (VAE) und werden in \u00dcbereinstimmung mit diesen ausgelegt. F\u00fcr die Beilegung etwaiger Streitigkeiten unterwerfen Sie sich der nicht ausschlie\u00dflichen Zust\u00e4ndigkeit der Landes- und Bundesgerichte in den VAE.<\/p>\t\t\t\t\t\t\t\t<\/div>\n\t\t\t\t<\/div>\n\t\t\t\t<div class=\"elementor-element elementor-element-b0eab5b elementor-widget-divider--view-line elementor-widget elementor-widget-divider\" data-id=\"b0eab5b\" data-element_type=\"widget\" data-e-type=\"widget\" data-widget_type=\"divider.default\">\n\t\t\t\t<div class=\"elementor-widget-container\">\n\t\t\t\t\t\t\t<div class=\"elementor-divider\">\n\t\t\t<span class=\"elementor-divider-separator\">\n\t\t\t\t\t\t<\/span>\n\t\t<\/div>\n\t\t\t\t\t\t<\/div>\n\t\t\t\t<\/div>\n\t\t\t\t\t<\/div>\n\t\t<\/div>\n\t\t\t\t\t<\/div>\n\t\t<\/section>\n\t\t\t\t\t<\/div>\n\t\t<\/div>\n\t\t\t\t\t<\/div>\n\t\t<\/section>\n\t\t\t\t<\/div>","protected":false},"excerpt":{"rendered":"<p>Terms &#038; Conditions INTRODUCTIONThese Website Standard Terms And Conditions (these \u201cTerms\u201d or these \u201cWebsite Standard Terms And Conditions\u201d) contained herein on this webpage, shall govern your use of this website, including all pages within this website (collectively referred to herein below as this \u201cWebsite\u201d). These Terms apply in full force and effect to your use [&hellip;]<\/p>\n","protected":false},"author":2,"featured_media":0,"parent":0,"menu_order":0,"comment_status":"closed","ping_status":"closed","template":"elementor_header_footer","meta":{"footnotes":""},"class_list":["post-11523","page","type-page","status-publish","hentry"],"_links":{"self":[{"href":"https:\/\/boom-commerce.com\/de\/wp-json\/wp\/v2\/pages\/11523","targetHints":{"allow":["GET"]}}],"collection":[{"href":"https:\/\/boom-commerce.com\/de\/wp-json\/wp\/v2\/pages"}],"about":[{"href":"https:\/\/boom-commerce.com\/de\/wp-json\/wp\/v2\/types\/page"}],"author":[{"embeddable":true,"href":"https:\/\/boom-commerce.com\/de\/wp-json\/wp\/v2\/users\/2"}],"replies":[{"embeddable":true,"href":"https:\/\/boom-commerce.com\/de\/wp-json\/wp\/v2\/comments?post=11523"}],"version-history":[{"count":26,"href":"https:\/\/boom-commerce.com\/de\/wp-json\/wp\/v2\/pages\/11523\/revisions"}],"predecessor-version":[{"id":13741,"href":"https:\/\/boom-commerce.com\/de\/wp-json\/wp\/v2\/pages\/11523\/revisions\/13741"}],"wp:attachment":[{"href":"https:\/\/boom-commerce.com\/de\/wp-json\/wp\/v2\/media?parent=11523"}],"curies":[{"name":"wp","href":"https:\/\/api.w.org\/{rel}","templated":true}]}}